{"id":687,"date":"2012-12-20T19:53:37","date_gmt":"2012-12-20T19:53:37","guid":{"rendered":"https:\/\/briarwood.org\/missions\/?page_id=687"},"modified":"2025-10-01T14:00:55","modified_gmt":"2025-10-01T19:00:55","slug":"hispanic-congregation","status":"publish","type":"page","link":"https:\/\/briarwood.org\/missions\/local-internationals\/hispanic-congregation\/","title":{"rendered":"Hispanic Congregation"},"content":{"rendered":"<p><img loading=\"lazy\" decoding=\"async\" class=\"aligncenter size-full wp-image-7356\" src=\"https:\/\/briarwood.org\/missions\/files\/2025\/05\/f7796d4b-9b4f-4c02-977b-4308dfa072f8.jpeg\" alt=\"\" width=\"1600\" height=\"1200\" \/><\/p>\n<hr \/>\n<h1 style=\"font-weight: 400;text-align: center\"><strong>\u00a1BIENVENIDOS A BRIARWOOD ESPA\u00d1OL!<\/strong><\/h1>\n<hr \/>\n<p style=\"font-weight: 400\">Briarwood Espa\u00f1ol equipa disc\u00edpulos de Cristo para alcanzar la comunidad Hispana en Birmingham para Su gloria.<\/p>\n<p style=\"font-weight: 400\"><strong>Direcci\u00f3n<\/strong>: 5521 Double Oak Ln, Birmingham AL 35242<\/p>\n<p style=\"font-weight: 400\"><strong>Servicio de Adoraci\u00f3n<\/strong>: Domingos a las 10:30 AM<\/p>\n<p>&nbsp;<\/p>\n<p style=\"font-weight: 400\"><strong>EDUCACI\u00d3N B\u00cdBLICA:<\/strong><\/p>\n<ul>\n<li>Ni\u00f1os y Adolescentes durante el Servicio. (Adolescentes, 2 veces al mes.)<\/li>\n<\/ul>\n<p style=\"font-weight: 400\"><em>Escuela Dominical de Adultos despu\u00e9s del servicio: 1 Trimestre de Escuela Dominical, con 1 Trimestre de descanso por intermedio.<\/em><\/p>\n<p>&nbsp;<\/p>\n<p style=\"font-weight: 400\"><strong>REUNIONES DE LA IGLESIA:<\/strong><\/p>\n<p style=\"font-weight: 400\"><strong>Oraci\u00f3n<\/strong> &#8211; Viernes a las 7:00 PM<\/p>\n<p style=\"font-weight: 400\"><strong>Damas<\/strong> &#8211; Segundo S\u00e1bado del Mes, 4:00 PM<\/p>\n<p style=\"font-weight: 400\">\u00a0\u00a0\u00a0\u00a0\u00a0\u00a0\u00a0\u00a0 \u00a0\u00a0\u00a0 &#8211; Por Zoom, Martes a las 7:30 PM<\/p>\n<p style=\"font-weight: 400\"><strong>Varones<\/strong> &#8211; \u00daltimo S\u00e1bado del Mes, 7:00 PM<\/p>\n<p style=\"font-weight: 400\">Para m\u00e1s informaci\u00f3n, contacte al pastor Luis Le\u00f3n.<\/p>\n<p style=\"font-weight: 400\">Celular: 205-585-8445<\/p>\n<p style=\"font-weight: 400\">Correo Electr\u00f3nico: <a href=\"mailto:lleon@briarwood.org\">lleon@briarwood.org<\/a><\/p>\n<p>&nbsp;<\/p>\n<p><img loading=\"lazy\" decoding=\"async\" class=\"aligncenter size-full wp-image-7357\" src=\"https:\/\/briarwood.org\/missions\/files\/2025\/05\/2996b4a2-f6ba-4dd2-b477-4bf7ab7c2336.jpeg\" alt=\"\" width=\"1600\" height=\"1200\" \/><\/p>\n<hr \/>\n<h1 style=\"font-weight: 400;text-align: center\"><strong>WELCOME TO BRIARWOOD ESPA\u00d1OL!<\/strong><\/h1>\n<hr \/>\n<p style=\"font-weight: 400\">Briarwood Espa\u00f1ol equips disciples of Christ to reach the Hispanic Community in Birmingham for His glory.<\/p>\n<p style=\"font-weight: 400\"><strong>Address<\/strong>: 5521 Double Oak Ln, Birmingham AL 35242<\/p>\n<p style=\"font-weight: 400\"><strong>Worship Service<\/strong>: Sundays at 10:30 AM<\/p>\n<p>&nbsp;<\/p>\n<p style=\"font-weight: 400\"><strong>BIBLE EDUCATION: <\/strong><\/p>\n<ul>\n<li>Children and Teens during the Service. (Teens, 2 times a month.)<\/li>\n<\/ul>\n<p style=\"font-weight: 400\"><em>Adult Sunday School after service: 1 Quarter of Sunday School, with 1 Quarter of rest in between. <\/em><\/p>\n<p>&nbsp;<\/p>\n<p style=\"font-weight: 400\"><strong>CHURCH MEETINGS: <\/strong><\/p>\n<p style=\"font-weight: 400\"><strong>Prayer<\/strong> &#8211; Friday at 7:00 PM<\/p>\n<p style=\"font-weight: 400\"><strong>Ladies<\/strong> &#8211; Second Saturday of the Month, 4:00 PM<\/p>\n<p style=\"font-weight: 400\">\u00a0\u00a0\u00a0\u00a0\u00a0\u00a0\u00a0\u00a0 \u00a0\u00a0 &#8211; Zoom Meeting, Tuesdays at 7:30 PM<\/p>\n<p style=\"font-weight: 400\"><strong>Men<\/strong> &#8211; Last Saturday of the Month, 7:00 PM<\/p>\n<p style=\"font-weight: 400\">For more information, contact Pastor Luis Le\u00f3n.<\/p>\n<p style=\"font-weight: 400\">Mobile: 205-585-8445 Email: <a href=\"mailto:lleon@briarwood.org\">lleon@briarwood.org<\/a><\/p>\n<p>&nbsp;<\/p>\n","protected":false},"excerpt":{"rendered":"<p>\u00a1BIENVENIDOS A BRIARWOOD ESPA\u00d1OL! Briarwood Espa\u00f1ol equipa disc\u00edpulos de Cristo para alcanzar la comunidad Hispana en Birmingham para Su gloria. Direcci\u00f3n: 5521 Double Oak Ln, Birmingham AL 35242 Servicio de [&hellip;]<\/p>\n","protected":false},"author":1,"featured_media":0,"parent":603,"menu_order":1,"comment_status":"closed","ping_status":"closed","template":"","meta":{"_acf_changed":false,"_relevanssi_hide_post":"","_relevanssi_hide_content":"","_relevanssi_pin_for_all":"","_relevanssi_pin_keywords":"","_relevanssi_unpin_keywords":"","_relevanssi_related_keywords":"","_relevanssi_related_include_ids":"","_relevanssi_related_exclude_ids":"","_relevanssi_related_no_append":"","_relevanssi_related_not_related":"","_relevanssi_related_posts":"","_relevanssi_noindex_reason":"","_monsterinsights_skip_tracking":false,"_monsterinsights_sitenote_active":false,"_monsterinsights_sitenote_note":"","_monsterinsights_sitenote_category":0,"footnotes":""},"class_list":["post-687","page","type-page","status-publish","hentry"],"acf":[],"yoast_head":"<!-- This site is optimized with the Yoast SEO plugin v22.8 - https:\/\/yoast.com\/wordpress\/plugins\/seo\/ -->\n<title>Hispanic Congregation - Missions<\/title>\n<meta name=\"robots\" content=\"index, follow, max-snippet:-1, max-image-preview:large, max-video-preview:-1\" \/>\n<link rel=\"canonical\" href=\"https:\/\/briarwood.org\/missions\/local-internationals\/hispanic-congregation\/\" \/>\n<meta property=\"og:locale\" content=\"en_US\" \/>\n<meta property=\"og:type\" content=\"article\" \/>\n<meta property=\"og:title\" content=\"Hispanic Congregation - Missions\" \/>\n<meta property=\"og:description\" content=\"\u00a1BIENVENIDOS A BRIARWOOD ESPA\u00d1OL! Briarwood Espa\u00f1ol equipa disc\u00edpulos de Cristo para alcanzar la comunidad Hispana en Birmingham para Su gloria. Direcci\u00f3n: 5521 Double Oak Ln, Birmingham AL 35242 Servicio de [&hellip;]\" \/>\n<meta property=\"og:url\" content=\"https:\/\/briarwood.org\/missions\/local-internationals\/hispanic-congregation\/\" \/>\n<meta property=\"og:site_name\" content=\"Missions\" \/>\n<meta property=\"article:modified_time\" content=\"2025-10-01T19:00:55+00:00\" \/>\n<meta property=\"og:image\" content=\"https:\/\/briarwood.org\/missions\/files\/2025\/05\/f7796d4b-9b4f-4c02-977b-4308dfa072f8.jpeg\" \/>\n<meta name=\"twitter:card\" content=\"summary_large_image\" \/>\n<meta name=\"twitter:label1\" content=\"Est. reading time\" \/>\n\t<meta name=\"twitter:data1\" content=\"2 minutes\" \/>\n<script type=\"application\/ld+json\" class=\"yoast-schema-graph\">{\"@context\":\"https:\/\/schema.org\",\"@graph\":[{\"@type\":\"WebPage\",\"@id\":\"https:\/\/briarwood.org\/missions\/local-internationals\/hispanic-congregation\/\",\"url\":\"https:\/\/briarwood.org\/missions\/local-internationals\/hispanic-congregation\/\",\"name\":\"Hispanic Congregation - Missions\",\"isPartOf\":{\"@id\":\"https:\/\/briarwood.org\/missions\/#website\"},\"primaryImageOfPage\":{\"@id\":\"https:\/\/briarwood.org\/missions\/local-internationals\/hispanic-congregation\/#primaryimage\"},\"image\":{\"@id\":\"https:\/\/briarwood.org\/missions\/local-internationals\/hispanic-congregation\/#primaryimage\"},\"thumbnailUrl\":\"https:\/\/briarwood.org\/missions\/files\/2025\/05\/f7796d4b-9b4f-4c02-977b-4308dfa072f8.jpeg\",\"datePublished\":\"2012-12-20T19:53:37+00:00\",\"dateModified\":\"2025-10-01T19:00:55+00:00\",\"breadcrumb\":{\"@id\":\"https:\/\/briarwood.org\/missions\/local-internationals\/hispanic-congregation\/#breadcrumb\"},\"inLanguage\":\"en-US\",\"potentialAction\":[{\"@type\":\"ReadAction\",\"target\":[\"https:\/\/briarwood.org\/missions\/local-internationals\/hispanic-congregation\/\"]}]},{\"@type\":\"ImageObject\",\"inLanguage\":\"en-US\",\"@id\":\"https:\/\/briarwood.org\/missions\/local-internationals\/hispanic-congregation\/#primaryimage\",\"url\":\"https:\/\/briarwood.org\/missions\/files\/2025\/05\/f7796d4b-9b4f-4c02-977b-4308dfa072f8.jpeg\",\"contentUrl\":\"https:\/\/briarwood.org\/missions\/files\/2025\/05\/f7796d4b-9b4f-4c02-977b-4308dfa072f8.jpeg\",\"width\":1600,\"height\":1200},{\"@type\":\"BreadcrumbList\",\"@id\":\"https:\/\/briarwood.org\/missions\/local-internationals\/hispanic-congregation\/#breadcrumb\",\"itemListElement\":[{\"@type\":\"ListItem\",\"position\":1,\"name\":\"Home\",\"item\":\"https:\/\/briarwood.org\/missions\/\"},{\"@type\":\"ListItem\",\"position\":2,\"name\":\"International Outreach\",\"item\":\"https:\/\/briarwood.org\/missions\/local-internationals\/\"},{\"@type\":\"ListItem\",\"position\":3,\"name\":\"Hispanic Congregation\"}]},{\"@type\":\"WebSite\",\"@id\":\"https:\/\/briarwood.org\/missions\/#website\",\"url\":\"https:\/\/briarwood.org\/missions\/\",\"name\":\"Missions\",\"description\":\"Briarwood Presbyterian Church, PCA\",\"potentialAction\":[{\"@type\":\"SearchAction\",\"target\":{\"@type\":\"EntryPoint\",\"urlTemplate\":\"https:\/\/briarwood.org\/missions\/?s={search_term_string}\"},\"query-input\":\"required name=search_term_string\"}],\"inLanguage\":\"en-US\"}]}<\/script>\n<!-- \/ Yoast SEO plugin. -->","yoast_head_json":{"title":"Hispanic Congregation - Missions","robots":{"index":"index","follow":"follow","max-snippet":"max-snippet:-1","max-image-preview":"max-image-preview:large","max-video-preview":"max-video-preview:-1"},"canonical":"https:\/\/briarwood.org\/missions\/local-internationals\/hispanic-congregation\/","og_locale":"en_US","og_type":"article","og_title":"Hispanic Congregation - Missions","og_description":"\u00a1BIENVENIDOS A BRIARWOOD ESPA\u00d1OL! Briarwood Espa\u00f1ol equipa disc\u00edpulos de Cristo para alcanzar la comunidad Hispana en Birmingham para Su gloria. Direcci\u00f3n: 5521 Double Oak Ln, Birmingham AL 35242 Servicio de [&hellip;]","og_url":"https:\/\/briarwood.org\/missions\/local-internationals\/hispanic-congregation\/","og_site_name":"Missions","article_modified_time":"2025-10-01T19:00:55+00:00","og_image":[{"url":"https:\/\/briarwood.org\/missions\/files\/2025\/05\/f7796d4b-9b4f-4c02-977b-4308dfa072f8.jpeg"}],"twitter_card":"summary_large_image","twitter_misc":{"Est. reading time":"2 minutes"},"schema":{"@context":"https:\/\/schema.org","@graph":[{"@type":"WebPage","@id":"https:\/\/briarwood.org\/missions\/local-internationals\/hispanic-congregation\/","url":"https:\/\/briarwood.org\/missions\/local-internationals\/hispanic-congregation\/","name":"Hispanic Congregation - Missions","isPartOf":{"@id":"https:\/\/briarwood.org\/missions\/#website"},"primaryImageOfPage":{"@id":"https:\/\/briarwood.org\/missions\/local-internationals\/hispanic-congregation\/#primaryimage"},"image":{"@id":"https:\/\/briarwood.org\/missions\/local-internationals\/hispanic-congregation\/#primaryimage"},"thumbnailUrl":"https:\/\/briarwood.org\/missions\/files\/2025\/05\/f7796d4b-9b4f-4c02-977b-4308dfa072f8.jpeg","datePublished":"2012-12-20T19:53:37+00:00","dateModified":"2025-10-01T19:00:55+00:00","breadcrumb":{"@id":"https:\/\/briarwood.org\/missions\/local-internationals\/hispanic-congregation\/#breadcrumb"},"inLanguage":"en-US","potentialAction":[{"@type":"ReadAction","target":["https:\/\/briarwood.org\/missions\/local-internationals\/hispanic-congregation\/"]}]},{"@type":"ImageObject","inLanguage":"en-US","@id":"https:\/\/briarwood.org\/missions\/local-internationals\/hispanic-congregation\/#primaryimage","url":"https:\/\/briarwood.org\/missions\/files\/2025\/05\/f7796d4b-9b4f-4c02-977b-4308dfa072f8.jpeg","contentUrl":"https:\/\/briarwood.org\/missions\/files\/2025\/05\/f7796d4b-9b4f-4c02-977b-4308dfa072f8.jpeg","width":1600,"height":1200},{"@type":"BreadcrumbList","@id":"https:\/\/briarwood.org\/missions\/local-internationals\/hispanic-congregation\/#breadcrumb","itemListElement":[{"@type":"ListItem","position":1,"name":"Home","item":"https:\/\/briarwood.org\/missions\/"},{"@type":"ListItem","position":2,"name":"International Outreach","item":"https:\/\/briarwood.org\/missions\/local-internationals\/"},{"@type":"ListItem","position":3,"name":"Hispanic Congregation"}]},{"@type":"WebSite","@id":"https:\/\/briarwood.org\/missions\/#website","url":"https:\/\/briarwood.org\/missions\/","name":"Missions","description":"Briarwood Presbyterian Church, PCA","potentialAction":[{"@type":"SearchAction","target":{"@type":"EntryPoint","urlTemplate":"https:\/\/briarwood.org\/missions\/?s={search_term_string}"},"query-input":"required name=search_term_string"}],"inLanguage":"en-US"}]}},"_links":{"self":[{"href":"https:\/\/briarwood.org\/missions\/wp-json\/wp\/v2\/pages\/687"}],"collection":[{"href":"https:\/\/briarwood.org\/missions\/wp-json\/wp\/v2\/pages"}],"about":[{"href":"https:\/\/briarwood.org\/missions\/wp-json\/wp\/v2\/types\/page"}],"author":[{"embeddable":true,"href":"https:\/\/briarwood.org\/missions\/wp-json\/wp\/v2\/users\/1"}],"replies":[{"embeddable":true,"href":"https:\/\/briarwood.org\/missions\/wp-json\/wp\/v2\/comments?post=687"}],"version-history":[{"count":63,"href":"https:\/\/briarwood.org\/missions\/wp-json\/wp\/v2\/pages\/687\/revisions"}],"predecessor-version":[{"id":7397,"href":"https:\/\/briarwood.org\/missions\/wp-json\/wp\/v2\/pages\/687\/revisions\/7397"}],"up":[{"embeddable":true,"href":"https:\/\/briarwood.org\/missions\/wp-json\/wp\/v2\/pages\/603"}],"wp:attachment":[{"href":"https:\/\/briarwood.org\/missions\/wp-json\/wp\/v2\/media?parent=687"}],"curies":[{"name":"wp","href":"https:\/\/api.w.org\/{rel}","templated":true}]}}